{"id":940,"date":"2023-05-16T11:36:16","date_gmt":"2023-05-16T16:36:16","guid":{"rendered":"https:\/\/test.ngrafica.cl\/?page_id=940"},"modified":"2023-06-06T11:18:58","modified_gmt":"2023-06-06T16:18:58","slug":"politicas-de-contratacion","status":"publish","type":"page","link":"https:\/\/www.ngrafica.cl\/index.php\/politicas-de-contratacion\/","title":{"rendered":"Politicas de Contratacion"},"content":{"rendered":"<section class=\"wpb-content-wrapper\"><p>[vc_row][vc_column width=&#8221;1\/6&#8243;][\/vc_column][vc_column width=&#8221;2\/3&#8243;]\t\t\t<link rel=\"stylesheet\" id=\"wd-section-title-css\" href=\"https:\/\/www.ngrafica.cl\/wp-content\/themes\/woodmart\/css\/parts\/el-section-title.min.css?ver=7.1.4\" type=\"text\/css\" media=\"all\" \/> \t\t\t\t\t\t<link rel=\"stylesheet\" id=\"wd-mod-highlighted-text-css\" href=\"https:\/\/www.ngrafica.cl\/wp-content\/themes\/woodmart\/css\/parts\/mod-highlighted-text.min.css?ver=7.1.4\" type=\"text\/css\" media=\"all\" \/> \t\t\t\n\t\t<div id=\"wd-6463cfb93b83c\" class=\"title-wrapper wd-wpb set-mb-s reset-last-child  wd-rs-6463cfb93b83c wd-title-color-default wd-title-style-default text-center  wd-underline-colored\">\n\t\t\t\n\t\t\t<div class=\"liner-continer\">\n\t\t\t\t<h4 class=\"woodmart-title-container title  wd-font-weight- wd-fontsize-l\" >Pol\u00edticas de Contrataci\u00f3n<\/h4>\n\t\t\t\t\t\t\t<\/div>\n\t\t\t\n\t\t\t\n\t\t\t\n\t\t<\/div>\n\t\t\n\t\t[vc_wp_text]<strong>Caracter\u00edsticas principales de los bienes o servicios.<\/strong><\/p>\n<p>Ngrafica es una empresa dedicada a la impresi\u00f3n digital, ofreciendo servicios de impresi\u00f3n de alta calidad en distintos formatos y soportes. En nuestro sitio web www.ngrafica.cl encontrar\u00e1 informaci\u00f3n detallada sobre los productos y servicios que ofrecemos.<\/p>\n<p><strong>Identidad del responsable.<\/strong><\/p>\n<p>El responsable del sitio web es Ngrafica, con domicilio en Maipo 100, comuna de Recoleta y correo electr\u00f3nico de contacto: contacto@162.240.97.21 El responsable de protecci\u00f3n de datos es Josefa Gracia Suetta, quien puede ser contactado a trav\u00e9s del correo electr\u00f3nico contacto@162.240.97.21.<\/p>\n<p><strong>Precio total de los bienes o servicios, incluidos los impuestos y tasas.<\/strong><\/p>\n<p>El precio total de los productos y servicios se especificar\u00e1 al momento de solicitar un cotizaci\u00f3n en la pagina web www.ngrafica.cl y se incluir\u00e1n todos los impuestos y tasas correspondientes. En caso de que el precio no pueda ser calculado razonablemente de antemano, se informar\u00e1 de la forma en que se determina el precio.<\/p>\n<p><strong>Gastos adicionales de transporte.<\/strong><\/p>\n<p>Los gastos adicionales de transporte, entrega o postales, as\u00ed como cualquier otro gasto, ser\u00e1n especificados en el momento de la compra, y el cliente deber\u00e1 aceptarlos antes de proceder al pago.<\/p>\n<p><strong>Formas de pago y entrega del pedido.<\/strong><\/p>\n<p>Los clientes podr\u00e1n realizar el pago de su pedido a trav\u00e9s de distintas formas de pago, incluyendo tarjeta de cr\u00e9dito, transferencia bancaria y pago en efectivo al momento de la entrega. El plazo de entrega depender\u00e1 de la complejidad del trabajo y ser\u00e1 acordado con el cliente.<\/p>\n<p><strong>Garant\u00eda legal de los productos y servicios postventa.<\/strong><\/p>\n<p>En Ngrafica ofrecemos una garant\u00eda legal de los productos y servicios postventa, en cumplimiento de la normativa vigente. En caso de que el cliente detecte alg\u00fan defecto en el producto o servicio, podr\u00e1 contactarnos a trav\u00e9s de nuestro correo electr\u00f3nico contacto@162.240.97.21 para solicitar la correspondiente soluci\u00f3n.<\/p>\n<p><strong>Idioma de las condiciones generales de venta.<\/strong><\/p>\n<p>Las condiciones generales de venta estar\u00e1n redactadas en espa\u00f1ol y ser\u00e1n accesibles a trav\u00e9s de nuestro sitio web www.ngrafica.cl.<\/p>\n<p>Derecho de desistimiento (si procede), condiciones, plazo y procedimiento para la devoluci\u00f3n de la compra, indicando si el cliente debe asumir el coste de env\u00edo para devolver la compra.<\/p>\n<p>En caso de que el cliente desee desistir de la compra, podr\u00e1 hacerlo dentro del plazo legal establecido, mediante el env\u00edo de un correo electr\u00f3nico a contacto@162.240.97.21, en el que se detalle la solicitud de devoluci\u00f3n. En caso de que el cliente tenga que asumir los costes de env\u00edo para la devoluci\u00f3n de la compra, se informar\u00e1 de manera expresa en el sitio web.<\/p>\n<p>A la atenci\u00f3n de Ngrafica,[\/vc_wp_text][\/vc_column][vc_column width=&#8221;1\/6&#8243;][\/vc_column][\/vc_row]<\/p>\n<\/section>","protected":false},"excerpt":{"rendered":"<p>[vc_row][vc_column width=&#8221;1\/6&#8243;][\/vc_column][vc_column width=&#8221;2\/3&#8243;][vc_wp_text]Caracter\u00edsticas principales de los bienes o servicios. Ngrafica es una empresa dedicada a la impresi\u00f3n digital, ofreciendo servicios<\/p>\n","protected":false},"author":2,"featured_media":0,"parent":0,"menu_order":0,"comment_status":"closed","ping_status":"closed","template":"","meta":{"footnotes":""},"class_list":["post-940","page","type-page","status-publish","hentry"],"_links":{"self":[{"href":"https:\/\/www.ngrafica.cl\/index.php\/wp-json\/wp\/v2\/pages\/940","targetHints":{"allow":["GET"]}}],"collection":[{"href":"https:\/\/www.ngrafica.cl\/index.php\/wp-json\/wp\/v2\/pages"}],"about":[{"href":"https:\/\/www.ngrafica.cl\/index.php\/wp-json\/wp\/v2\/types\/page"}],"author":[{"embeddable":true,"href":"https:\/\/www.ngrafica.cl\/index.php\/wp-json\/wp\/v2\/users\/2"}],"replies":[{"embeddable":true,"href":"https:\/\/www.ngrafica.cl\/index.php\/wp-json\/wp\/v2\/comments?post=940"}],"version-history":[{"count":4,"href":"https:\/\/www.ngrafica.cl\/index.php\/wp-json\/wp\/v2\/pages\/940\/revisions"}],"predecessor-version":[{"id":2370,"href":"https:\/\/www.ngrafica.cl\/index.php\/wp-json\/wp\/v2\/pages\/940\/revisions\/2370"}],"wp:attachment":[{"href":"https:\/\/www.ngrafica.cl\/index.php\/wp-json\/wp\/v2\/media?parent=940"}],"curies":[{"name":"wp","href":"https:\/\/api.w.org\/{rel}","templated":true}]}}