{"id":505,"date":"2023-04-17T16:47:25","date_gmt":"2023-04-17T21:47:25","guid":{"rendered":"https:\/\/test.ngrafica.cl\/?page_id=505"},"modified":"2023-06-06T11:14:31","modified_gmt":"2023-06-06T16:14:31","slug":"politicas-de-privacidad","status":"publish","type":"page","link":"https:\/\/www.ngrafica.cl\/index.php\/politicas-de-privacidad\/","title":{"rendered":"Politicas de privacidad"},"content":{"rendered":"<section class=\"wpb-content-wrapper\"><p>[vc_row][vc_column width=&#8221;1\/6&#8243;][\/vc_column][vc_column width=&#8221;2\/3&#8243;]\t\t\t<link rel=\"stylesheet\" id=\"wd-section-title-css\" href=\"https:\/\/www.ngrafica.cl\/wp-content\/themes\/woodmart\/css\/parts\/el-section-title.min.css?ver=7.1.4\" type=\"text\/css\" media=\"all\" \/> \t\t\t\t\t\t<link rel=\"stylesheet\" id=\"wd-mod-highlighted-text-css\" href=\"https:\/\/www.ngrafica.cl\/wp-content\/themes\/woodmart\/css\/parts\/mod-highlighted-text.min.css?ver=7.1.4\" type=\"text\/css\" media=\"all\" \/> \t\t\t\n\t\t<div id=\"wd-6463b0446da31\" class=\"title-wrapper wd-wpb set-mb-s reset-last-child  wd-rs-6463b0446da31 wd-title-color-default wd-title-style-default text-center  wd-underline-colored\">\n\t\t\t\n\t\t\t<div class=\"liner-continer\">\n\t\t\t\t<h4 class=\"woodmart-title-container title  wd-font-weight- wd-fontsize-l\" >Pol\u00edticas de Privacidad<\/h4>\n\t\t\t\t\t\t\t<\/div>\n\t\t\t\n\t\t\t\n\t\t\t\n\t\t<\/div>\n\t\t\n\t\t[vc_wp_text]En Ngrafica nos tomamos muy en serio la privacidad de nuestros usuarios y clientes. A continuaci\u00f3n, le explicamos c\u00f3mo tratamos los datos personales que recopilamos a trav\u00e9s de nuestro sitio web.<\/p>\n<p><strong>Motivos y finalidades del procesamiento de datos<\/strong><\/p>\n<p>Ngrafica procesa los datos personales que nos proporcionan los usuarios y clientes a trav\u00e9s de nuestro sitio web con el fin de prestar los servicios que ofrecemos, gestionar los pedidos, informar sobre novedades, eventos y promociones, y realizar estudios de mercado.<\/p>\n<p><strong>Nombre y datos de contacto del responsable del sitio<\/strong><\/p>\n<p>El responsable del sitio web es Ngrafica, con domicilio en Maipo 100, comuna de Recoleta y correo electr\u00f3nico de contacto: contacto@162.240.97.21 El responsable de protecci\u00f3n de datos es Josefa Gracia Suetta, quien puede ser contactado a trav\u00e9s del correo electr\u00f3nico contacto@162.240.97.21.<\/p>\n<p><strong>Legitimaci\u00f3n legal para el procesamiento de datos.<\/strong><\/p>\n<p>La base legal para el procesamiento de los datos personales recopilados a trav\u00e9s de nuestro sitio web es el consentimiento del usuario o cliente, as\u00ed como la ejecuci\u00f3n del contrato de prestaci\u00f3n de servicios.<\/p>\n<p><strong>Receptores de los datos.<\/strong><\/p>\n<p>Los datos personales recopilados a trav\u00e9s de nuestro sitio web no ser\u00e1n cedidos a terceros sin su consentimiento previo, salvo en los casos en que exista una obligaci\u00f3n legal o sea necesario para la prestaci\u00f3n del servicio contratado.<\/p>\n<p><strong>Periodo de tiempo durante el que los datos van a permanecer almacenados.<\/strong><\/p>\n<p>Los datos personales ser\u00e1n conservados durante el tiempo necesario para cumplir con las finalidades para las que fueron recopilados, o mientras se mantenga la relaci\u00f3n comercial o contractual, y posteriormente ser\u00e1n eliminados de nuestros sistemas.<\/p>\n<p><strong>Intenci\u00f3n de facilitar los datos a terceras partes, incluso en otro pa\u00eds.<\/strong><\/p>\n<p>En caso de que sea necesario para la prestaci\u00f3n de los servicios contratados, Ngrafica podr\u00e1 facilitar los datos personales a terceras partes, incluyendo empresas ubicadas en otros pa\u00edses. En tales casos, Ngrafica se asegurar\u00e1 de que se cumplan todas las normas de protecci\u00f3n de datos aplicables.<\/p>\n<p><strong>Derecho a la informaci\u00f3n y\/o eliminaci\u00f3n de los datos.<\/strong><\/p>\n<p>Los usuarios y clientes tienen derecho a conocer los datos personales que Ngrafica tiene sobre ellos, as\u00ed como a solicitar la eliminaci\u00f3n de los mismos. Para ejercer estos derechos, los usuarios y clientes pueden ponerse en contacto con nosotros a trav\u00e9s del correo electr\u00f3nico (correo electr\u00f3nico de la empresa).<\/p>\n<p><strong>Derecho de apelaci\u00f3n ante la autoridad competente en materia de protecci\u00f3n de datos.<\/strong><\/p>\n<p>Los usuarios y clientes tienen derecho a presentar una reclamaci\u00f3n ante la autoridad competente en materia de protecci\u00f3n de datos si consideran que sus derechos han sido vulnerados.<\/p>\n<p>En Ngrafica estamos comprometidos con la privacidad y protecci\u00f3n de datos de nuestros usuarios y clientes, y estamos a su disposici\u00f3n para cualquier duda o consulta que puedan tener.[\/vc_wp_text][\/vc_column][vc_column width=&#8221;1\/6&#8243;][\/vc_column][\/vc_row]<\/p>\n<\/section>","protected":false},"excerpt":{"rendered":"<p>[vc_row][vc_column width=&#8221;1\/6&#8243;][\/vc_column][vc_column width=&#8221;2\/3&#8243;][vc_wp_text]En Ngrafica nos tomamos muy en serio la privacidad de nuestros usuarios y clientes. A continuaci\u00f3n, le explicamos<\/p>\n","protected":false},"author":3,"featured_media":0,"parent":0,"menu_order":0,"comment_status":"closed","ping_status":"closed","template":"","meta":{"footnotes":""},"class_list":["post-505","page","type-page","status-publish","hentry"],"_links":{"self":[{"href":"https:\/\/www.ngrafica.cl\/index.php\/wp-json\/wp\/v2\/pages\/505","targetHints":{"allow":["GET"]}}],"collection":[{"href":"https:\/\/www.ngrafica.cl\/index.php\/wp-json\/wp\/v2\/pages"}],"about":[{"href":"https:\/\/www.ngrafica.cl\/index.php\/wp-json\/wp\/v2\/types\/page"}],"author":[{"embeddable":true,"href":"https:\/\/www.ngrafica.cl\/index.php\/wp-json\/wp\/v2\/users\/3"}],"replies":[{"embeddable":true,"href":"https:\/\/www.ngrafica.cl\/index.php\/wp-json\/wp\/v2\/comments?post=505"}],"version-history":[{"count":7,"href":"https:\/\/www.ngrafica.cl\/index.php\/wp-json\/wp\/v2\/pages\/505\/revisions"}],"predecessor-version":[{"id":2369,"href":"https:\/\/www.ngrafica.cl\/index.php\/wp-json\/wp\/v2\/pages\/505\/revisions\/2369"}],"wp:attachment":[{"href":"https:\/\/www.ngrafica.cl\/index.php\/wp-json\/wp\/v2\/media?parent=505"}],"curies":[{"name":"wp","href":"https:\/\/api.w.org\/{rel}","templated":true}]}}